{"id":11,"date":"2021-03-11T23:27:06","date_gmt":"2021-03-11T22:27:06","guid":{"rendered":"https:\/\/symposion.org\/?page_id=11"},"modified":"2021-03-12T00:09:27","modified_gmt":"2021-03-11T23:09:27","slug":"create-your-website-with-blocks","status":"publish","type":"page","link":"https:\/\/symposion.org\/","title":{"rendered":"SYMPOSION.ORG"},"content":{"rendered":"\n<h2 class=\"alignwide has-text-align-center has-text-align-wide has-gigantic-font-size wp-block-heading\" style=\"line-height:1.1\"><em>Internetpr\u00e4senz von Dr. Stefan&nbsp;Scheil<\/em><\/h2>\n\n\n\n<div class=\"wp-block-columns alignwide are-vertically-aligned-top is-layout-flex wp-container-core-columns-is-layout-9d6595d7 wp-block-columns-is-layout-flex\">\n<div class=\"wp-block-column is-vertically-aligned-top is-layout-flow wp-block-column-is-layout-flow\"><\/div>\n\n\n\n<div class=\"wp-block-column is-vertically-aligned-top is-layout-flow wp-block-column-is-layout-flow\">\n<h3 class=\"wp-block-heading\">Editorial<\/h3>\n<\/div>\n\n\n\n<div class=\"wp-block-column is-layout-flow wp-block-column-is-layout-flow\"><\/div>\n\n\n\n<div class=\"wp-block-column is-vertically-aligned-top is-layout-flow wp-block-column-is-layout-flow\"><\/div>\n<\/div>\n\n\n\n<div style=\"height:2px\" aria-hidden=\"true\" class=\"wp-block-spacer\"><\/div>\n\n\n\n<p><img loading=\"lazy\" decoding=\"async\" width=\"150\" height=\"100\" class=\"wp-image-44\" style=\"width: 150px;\" src=\"https:\/\/symposion.org\/wp-content\/uploads\/2021\/03\/RXT6700_b.jpg\" alt=\"\" srcset=\"https:\/\/symposion.org\/wp-content\/uploads\/2021\/03\/RXT6700_b.jpg 8256w, https:\/\/symposion.org\/wp-content\/uploads\/2021\/03\/RXT6700_b-300x200.jpg 300w, https:\/\/symposion.org\/wp-content\/uploads\/2021\/03\/RXT6700_b-1024x683.jpg 1024w, https:\/\/symposion.org\/wp-content\/uploads\/2021\/03\/RXT6700_b-768x512.jpg 768w, https:\/\/symposion.org\/wp-content\/uploads\/2021\/03\/RXT6700_b-1536x1024.jpg 1536w\" sizes=\"auto, (max-width: 150px) 100vw, 150px\" \/><\/p>\n\n\n\n<p><strong>Herzlich willkommen! Vielen Dank f\u00fcr Ihr Interesse an neuen und realistischen Perspektiven zur deutschen und europ\u00e4ischen Geschichte des 20. Jahrhunderts<\/strong>. <\/p>\n\n\n\n<p>Vorbemerkung zu dieser Seite: Symposion.org ist seit fast 20 Jahren Teil meines Internetauftritts. Um Sie auf den jeweils neuesten Stand zu bringen, steht in Zukunft  meine neue offizielle Seite zur Verf\u00fcgung:<\/p>\n\n\n\n<p><a href=\"http:\/\/stefan-scheil.de\/\">stefan-scheil.de<\/a> <\/p>\n\n\n\n<p>NEUERSCHEINUNG 2020:\u00a0<strong><a href=\"https:\/\/helios-verlag.com\/militaerische-zeitgeschichte\/1918-1945\/?tx_cartbooks_books%5Bbook%5D=16325&amp;cHash=638424380ac76c7e05b1b196f10d9f67\">\u201eAbschreckungspl\u00e4ne\u201c<\/a><\/strong>\u00a0\u2013 Wie der deutsche Botschafter in London 1937 die britische Politik beurteilte und wie er einen Krieg verhindern wollte.<\/p>\n\n\n\n<p><img loading=\"lazy\" decoding=\"async\" width=\"150\" height=\"216\" class=\"wp-image-40\" style=\"width: 150px;\" src=\"https:\/\/symposion.org\/wp-content\/uploads\/2021\/03\/Abschreckung.jpg\" alt=\"\" srcset=\"https:\/\/symposion.org\/wp-content\/uploads\/2021\/03\/Abschreckung.jpg 320w, https:\/\/symposion.org\/wp-content\/uploads\/2021\/03\/Abschreckung-209x300.jpg 209w\" sizes=\"auto, (max-width: 150px) 100vw, 150px\" \/><\/p>\n\n\n\n<p>&nbsp;\u201eDie den Status Quo verteidigen, sind f\u00fcr einen Krieg genauso verantwortlich wie die, die ihn angreifen.\u201c Dieser Satz des britischen Historikers Edward&nbsp;Hallett&nbsp;Carr kann als Motto des vorliegenden Buchs gelten. Es zeigt jene Welt voll von machtpolitischen Ambitionen und gegenseitigem Misstrauen auf, in der in den 1930er Jahren internationale Politik gemacht wurde. Und es enth\u00e4lt ein vollst\u00e4ndiges Schl\u00fcsseldokument zum Verst\u00e4ndnis der deutschen Politik der Jahre 1938\/39, den Abschlussbericht des deutschen Botschafters Joachim von Ribbentrop nach eineinhalb Jahren T\u00e4tigkeit in London. Ribbentrop erl\u00e4uterte darin exklusiv f\u00fcr den deutschen Diktator, wie und warum sich Gro\u00dfbritannien wahrscheinlich gegen jede \u00c4nderung des Status Quo in Mitteleuropa stellen w\u00fcrde, und sei es nur der Anschluss \u00d6sterreichs. Und er zeigte einen Weg auf, wie wenigstens dieser Anschluss vielleicht doch durchzusetzen w\u00e4re, was ihm seine Ernennung zum Au\u00dfenminister eintrug: Abschreckung. Dieser in der Forschung meist \u00fcbersehene Bericht, herausgegeben und kommentiert von Dr. Stefan&nbsp;Scheil, erlaubt einen realistischen Blick auf die Motive der deutschen Au\u00dfenpolitik nach 1937.\u201c &#8211; Helios-Verlag, 185 S., 19,90 \u20ac<\/p>\n","protected":false},"excerpt":{"rendered":"<p>Internetpr\u00e4senz von Dr. Stefan&nbsp;Scheil Editorial Herzlich willkommen! Vielen Dank f\u00fcr Ihr Interesse an neuen und realistischen Perspektiven zur deutschen und europ\u00e4ischen Geschichte des 20. Jahrhunderts. Vorbemerkung zu dieser Seite: Symposion.org ist seit fast 20 Jahren Teil meines Internetauftritts. Um Sie auf den jeweils neuesten Stand zu bringen, steht in Zukunft meine neue offizielle Seite zur &hellip; <a href=\"https:\/\/symposion.org\/\" class=\"more-link\">Continue reading <span class=\"screen-reader-text\">SYMPOSION.ORG<\/span><\/a><\/p>\n","protected":false},"author":1,"featured_media":0,"parent":0,"menu_order":0,"comment_status":"closed","ping_status":"closed","template":"","meta":{"footnotes":""},"class_list":["post-11","page","type-page","status-publish","hentry"],"_links":{"self":[{"href":"https:\/\/symposion.org\/index.php?rest_route=\/wp\/v2\/pages\/11","targetHints":{"allow":["GET"]}}],"collection":[{"href":"https:\/\/symposion.org\/index.php?rest_route=\/wp\/v2\/pages"}],"about":[{"href":"https:\/\/symposion.org\/index.php?rest_route=\/wp\/v2\/types\/page"}],"author":[{"embeddable":true,"href":"https:\/\/symposion.org\/index.php?rest_route=\/wp\/v2\/users\/1"}],"replies":[{"embeddable":true,"href":"https:\/\/symposion.org\/index.php?rest_route=%2Fwp%2Fv2%2Fcomments&post=11"}],"version-history":[{"count":6,"href":"https:\/\/symposion.org\/index.php?rest_route=\/wp\/v2\/pages\/11\/revisions"}],"predecessor-version":[{"id":45,"href":"https:\/\/symposion.org\/index.php?rest_route=\/wp\/v2\/pages\/11\/revisions\/45"}],"wp:attachment":[{"href":"https:\/\/symposion.org\/index.php?rest_route=%2Fwp%2Fv2%2Fmedia&parent=11"}],"curies":[{"name":"wp","href":"https:\/\/api.w.org\/{rel}","templated":true}]}}